{"id":3471,"date":"2023-12-18T18:01:20","date_gmt":"2023-12-18T17:01:20","guid":{"rendered":"https:\/\/eos-moving.de\/?page_id=3471"},"modified":"2024-01-30T12:57:02","modified_gmt":"2024-01-30T11:57:02","slug":"imprint","status":"publish","type":"page","link":"https:\/\/eos-moving.de\/en\/imprint\/","title":{"rendered":"Imprint"},"content":{"rendered":"\t\t<div data-elementor-type=\"wp-page\" data-elementor-id=\"3471\" class=\"elementor elementor-3471 elementor-3111\" data-elementor-post-type=\"page\">\n\t\t\t\t\t\t<section class=\"elementor-section elementor-top-section elementor-element elementor-element-18fa1cc elementor-section-height-min-height elementor-section-boxed elementor-section-height-default elementor-section-items-middle\" data-id=\"18fa1cc\" data-element_type=\"section\" data-e-type=\"section\" data-settings=\"{&quot;background_background&quot;:&quot;classic&quot;}\">\n\t\t\t\t\t\t\t<div class=\"elementor-background-overlay\"><\/div>\n\t\t\t\t\t\t\t<div class=\"elementor-container elementor-column-gap-no\">\n\t\t\t\t\t<div class=\"elementor-column elementor-col-100 elementor-top-column elementor-element elementor-element-a9ca344\" data-id=\"a9ca344\" data-element_type=\"column\" data-e-type=\"column\">\n\t\t\t<div class=\"elementor-widget-wrap elementor-element-populated\">\n\t\t\t\t\t\t<div class=\"elementor-element elementor-element-cb9562f elementor-widget elementor-widget-heading\" data-id=\"cb9562f\" data-element_type=\"widget\" data-e-type=\"widget\" data-widget_type=\"heading.default\">\n\t\t\t\t<div class=\"elementor-widget-container\">\n\t\t\t\t\t<h1 class=\"elementor-heading-title elementor-size-default\">Imprint<\/h1>\t\t\t\t<\/div>\n\t\t\t\t<\/div>\n\t\t\t\t\t<\/div>\n\t\t<\/div>\n\t\t\t\t\t<\/div>\n\t\t<\/section>\n\t\t\t\t<section class=\"elementor-section elementor-top-section elementor-element elementor-element-709b5b1 elementor-section-height-min-height elementor-section-boxed elementor-section-height-default elementor-section-items-middle\" data-id=\"709b5b1\" data-element_type=\"section\" data-e-type=\"section\" data-settings=\"{&quot;background_background&quot;:&quot;classic&quot;}\">\n\t\t\t\t\t\t\t<div class=\"elementor-background-overlay\"><\/div>\n\t\t\t\t\t\t\t<div class=\"elementor-container elementor-column-gap-no\">\n\t\t\t\t\t<div class=\"elementor-column elementor-col-100 elementor-top-column elementor-element elementor-element-a4fe1b4\" data-id=\"a4fe1b4\" data-element_type=\"column\" data-e-type=\"column\">\n\t\t\t<div class=\"elementor-widget-wrap elementor-element-populated\">\n\t\t\t\t\t\t<section class=\"elementor-section elementor-inner-section elementor-element elementor-element-f7f65fa elementor-section-boxed elementor-section-height-default elementor-section-height-default\" data-id=\"f7f65fa\" data-element_type=\"section\" data-e-type=\"section\">\n\t\t\t\t\t\t<div class=\"elementor-container elementor-column-gap-default\">\n\t\t\t\t\t<div class=\"elementor-column elementor-col-50 elementor-inner-column elementor-element elementor-element-6e84aa7\" data-id=\"6e84aa7\" data-element_type=\"column\" data-e-type=\"column\">\n\t\t\t<div class=\"elementor-widget-wrap elementor-element-populated\">\n\t\t\t\t\t\t<div class=\"elementor-element elementor-element-7e99031 elementor-widget elementor-widget-text-editor\" data-id=\"7e99031\" data-element_type=\"widget\" data-e-type=\"widget\" data-widget_type=\"text-editor.default\">\n\t\t\t\t<div class=\"elementor-widget-container\">\n\t\t\t\t\t\t\t\t\t<h2>Angaben gem\u00e4\u00df \u00a7 5 TMG<\/h2><p>EOS Move Management GmbH &amp; Co. KG<br \/>Heinrich-Hertz-Str. 6<br \/>Geb\u00e4ude 44<br \/>64295 Darmstadt<\/p><h2>Vertreten durch<\/h2><p>Herr Joachim Seifert<\/p><h2>Kontakt<\/h2><p>Telefon:\u00a0<a href=\"tel:+4961519579926\" target=\"_blank\" rel=\"noopener noreferrer\">+49 (0) 6151 957 99 &#8211; 26<\/a><br \/>Telefax: +49 (0) 6151 957 99 &#8211; 28<br \/>E-Mail:\u00a0<span id=\"cloak4231deedff1a7aa37487f726b3698323\"><a href=\"mailto:info@eos-moving.de\">info@eos-moving.de<\/a><\/span><\/p>\t\t\t\t\t\t\t\t<\/div>\n\t\t\t\t<\/div>\n\t\t\t\t\t<\/div>\n\t\t<\/div>\n\t\t\t\t<div class=\"elementor-column elementor-col-50 elementor-inner-column elementor-element elementor-element-7bdf820\" data-id=\"7bdf820\" data-element_type=\"column\" data-e-type=\"column\">\n\t\t\t<div class=\"elementor-widget-wrap elementor-element-populated\">\n\t\t\t\t\t\t<div class=\"elementor-element elementor-element-94d93bd elementor-widget elementor-widget-text-editor\" data-id=\"94d93bd\" data-element_type=\"widget\" data-e-type=\"widget\" data-widget_type=\"text-editor.default\">\n\t\t\t\t<div class=\"elementor-widget-container\">\n\t\t\t\t\t\t\t\t\t<h2>Registereintrag<\/h2><p>Eintragung im Handelsregister.<br \/>Registergericht: Amtsgericht Darmstadt<br \/>Registernummer: HRA 84872, HRB 91759<\/p><h2>Umsatzsteuer<\/h2><p>Umsatzsteuer-Identifikationsnummer gem\u00e4\u00df \u00a727 a Umsatzsteuergesetz:<br \/>DE287157771<\/p><h2>Verantwortlich f\u00fcr den Inhalt nach \u00a7 55 Abs. 2 RStV<\/h2><p>Joachim Seifert<br \/>Heinrich-Hertz-Str. 6<br \/>64295 Darmstadt<\/p>\t\t\t\t\t\t\t\t<\/div>\n\t\t\t\t<\/div>\n\t\t\t\t\t<\/div>\n\t\t<\/div>\n\t\t\t\t\t<\/div>\n\t\t<\/section>\n\t\t\t\t<div class=\"elementor-element elementor-element-5e813f1 elementor-widget elementor-widget-text-editor\" data-id=\"5e813f1\" data-element_type=\"widget\" data-e-type=\"widget\" data-widget_type=\"text-editor.default\">\n\t\t\t\t<div class=\"elementor-widget-container\">\n\t\t\t\t\t\t\t\t\t<h2>Streitschlichtung<\/h2><p>Die Europ\u00e4ische Kommission stellt eine Plattform zur Online-Streitbeilegung (OS) bereit:\u00a0<a href=\"https:\/\/ec.europa.eu\/consumers\/odr\" target=\"_blank\" rel=\"noopener noreferrer\">https:\/\/ec.europa.eu\/consumers\/odr<\/a>.<br \/>Unsere E-Mail-Adresse finden Sie oben im Impressum.<\/p><p>Wir sind nicht bereit oder verpflichtet, an Streitbeilegungsverfahren vor einer Verbraucherschlichtungsstelle teilzunehmen.<\/p><hr \/><h3>Haftung f\u00fcr Inhalte<\/h3><p>Als Diensteanbieter sind wir gem\u00e4\u00df \u00a7 7 Abs.1 TMG f\u00fcr eigene Inhalte auf diesen Seiten nach den allgemeinen Gesetzen verantwortlich. Nach \u00a7\u00a7 8 bis 10 TMG sind wir als Diensteanbieter jedoch nicht verpflichtet, \u00fcbermittelte oder gespeicherte fremde Informationen zu \u00fcberwachen oder nach Umst\u00e4nden zu forschen, die auf eine rechtswidrige T\u00e4tigkeit hinweisen.<\/p><p>Verpflichtungen zur Entfernung oder Sperrung der Nutzung von Informationen nach den allgemeinen Gesetzen bleiben hiervon unber\u00fchrt. Eine diesbez\u00fcgliche Haftung ist jedoch erst ab dem Zeitpunkt der Kenntnis einer konkreten Rechtsverletzung m\u00f6glich. Bei Bekanntwerden von entsprechenden Rechtsverletzungen werden wir diese Inhalte umgehend entfernen.<\/p><h3>Haftung f\u00fcr Links<\/h3><p>Unser Angebot enth\u00e4lt Links zu externen Websites Dritter, auf deren Inhalte wir keinen Einfluss haben. Deshalb k\u00f6nnen wir f\u00fcr diese fremden Inhalte auch keine Gew\u00e4hr \u00fcbernehmen. F\u00fcr die Inhalte der verlinkten Seiten ist stets der jeweilige Anbieter oder Betreiber der Seiten verantwortlich. Die verlinkten Seiten wurden zum Zeitpunkt der Verlinkung auf m\u00f6gliche Rechtsverst\u00f6\u00dfe \u00fcberpr\u00fcft. Rechtswidrige Inhalte waren zum Zeitpunkt der Verlinkung nicht erkennbar.<\/p><p>Eine permanente inhaltliche Kontrolle der verlinkten Seiten ist jedoch ohne konkrete Anhaltspunkte einer Rechtsverletzung nicht zumutbar. Bei Bekanntwerden von Rechtsverletzungen werden wir derartige Links umgehend entfernen.<\/p><h3>Urheberrecht<\/h3><p>Die durch die Seitenbetreiber erstellten Inhalte und Werke auf diesen Seiten unterliegen dem deutschen Urheberrecht. Die Vervielf\u00e4ltigung, Bearbeitung, Verbreitung und jede Art der Verwertung au\u00dferhalb der Grenzen des Urheberrechtes bed\u00fcrfen der schriftlichen Zustimmung des jeweiligen Autors bzw. Erstellers. Downloads und Kopien dieser Seite sind nur f\u00fcr den privaten, nicht kommerziellen Gebrauch gestattet.<\/p><p>Soweit die Inhalte auf dieser Seite nicht vom Betreiber erstellt wurden, werden die Urheberrechte Dritter beachtet. Insbesondere werden Inhalte Dritter als solche gekennzeichnet. Sollten Sie trotzdem auf eine Urheberrechtsverletzung aufmerksam werden, bitten wir um einen entsprechenden Hinweis. Bei Bekanntwerden von Rechtsverletzungen werden wir derartige Inhalte umgehend entfernen.<\/p><hr \/><p><strong>Verantwortlich f\u00fcr das Onlinemarketing:<\/strong><br \/><em>Ideenschupser GmbH<\/em><br \/>Agentur f\u00fcr Marketing, Werbung und Design<br \/>Poststra\u00dfe 9<br \/>64293 Darmstadt<br \/><a href=\"https:\/\/www.ideenschupser.de\/\" target=\"_blank\" rel=\"alternate noopener noreferrer\">www.ideenschupser.de<\/a><\/p><p>\u00a0<\/p><p><strong>Verantwortlich f\u00fcr Gestaltung und Realisierung:<\/strong><br \/><em>Webdesign- und Internetagentur<\/em><br \/>reDim GmbH<br \/>Nu\u00dfallee 7 F<br \/>63450 Hanau<br \/><a href=\"https:\/\/www.redim.de\/\" target=\"_blank\" rel=\"alternate noopener noreferrer\">www.reDim.de<\/a><\/p><p>\u00a0<\/p><p><strong>Bildnachweis:<\/strong><br \/>\u00a9 sdecoret &#8211; Fotolia.com<br \/>\u00a9 nmann77 &#8211; Fotolia.com<br \/>\u00a9 maho &#8211; Fotolia.com<br \/>\u00a9 laszlolorik &#8211; Fotolia.com<br \/>\u00a9 Marco2811 &#8211; Fotolia.com<br \/>\u00a9 whitelook &#8211; Fotolia.com<br \/>\u00a9 jojje11 &#8211; Fotolia.com<br \/>\u00a9 Denys Rudyi &#8211; Fotolia.com<br \/>\u00a9 kreatik &#8211; Fotolia.com<br \/>\u00a9 ufotopixl10 &#8211; Fotolia.com<br \/>\u00a9 Marcel Schauer &#8211; Fotolia.com<br \/>\u00a9 Pierre-Yves Babelon &#8211; Fotolia.com<br \/>\u00a9 WavebreakmediaMicro &#8211; Fotolia.com<br \/>\u00a9 fovito &#8211; Fotolia.com<br \/>\u00a9 niroworld &#8211; Fotolia.com<br \/>\u00a9 Schlierner &#8211; Fotolia.com<br \/>\u00a9 VRD &#8211; Fotolia.com<br \/>\u00a9 tiero &#8211; Fotolia.com<br \/>\u00a9 ultrakreativ &#8211; Fotolia.com<br \/>\u00a9 Ezio Gutzemberg &#8211; Fotolia.com<br \/>\u00a9 totajla &#8211; Fotolia.com<br \/>\u00a9 ungermedien &#8211; Fotolia.com<br \/><br \/><strong>T<\/strong>exte by Dietmar Golf, Darmstadt<br \/><a href=\"http:\/\/www.el-golfo.de\/\">www.el-golfo.de<\/a><\/p>\t\t\t\t\t\t\t\t<\/div>\n\t\t\t\t<\/div>\n\t\t\t\t\t<\/div>\n\t\t<\/div>\n\t\t\t\t\t<\/div>\n\t\t<\/section>\n\t\t\t\t<\/div>\n\t\t","protected":false},"excerpt":{"rendered":"<p>Imprint Angaben gem\u00e4\u00df \u00a7 5 TMG EOS Move Management GmbH &amp; Co. KGHeinrich-Hertz-Str. 6Geb\u00e4ude 4464295 Darmstadt Vertreten durch Herr Joachim Seifert Kontakt Telefon:\u00a0+49 (0) 6151 957 99 &#8211; 26Telefax: +49 (0) 6151 957 99 &#8211; 28E-Mail:\u00a0info@eos-moving.de Registereintrag Eintragung im Handelsregister.Registergericht: Amtsgericht DarmstadtRegisternummer: HRA 84872, HRB 91759 Umsatzsteuer Umsatzsteuer-Identifikationsnummer gem\u00e4\u00df \u00a727 a Umsatzsteuergesetz:DE287157771 Verantwortlich f\u00fcr den [&hellip;]<\/p>\n","protected":false},"author":3,"featured_media":0,"parent":0,"menu_order":0,"comment_status":"closed","ping_status":"closed","template":"elementor_header_footer","meta":{"site-sidebar-layout":"no-sidebar","site-content-layout":"page-builder","ast-site-content-layout":"default","site-content-style":"default","site-sidebar-style":"default","ast-global-header-display":"","ast-banner-title-visibility":"","ast-main-header-display":"","ast-hfb-above-header-display":"","ast-hfb-below-header-display":"","ast-hfb-mobile-header-display":"","site-post-title":"disabled","ast-breadcrumbs-content":"","ast-featured-img":"disabled","footer-sml-layout":"","ast-disable-related-posts":"","theme-transparent-header-meta":"","adv-header-id-meta":"","stick-header-meta":"","header-above-stick-meta":"","header-main-stick-meta":"","header-below-stick-meta":"","astra-migrate-meta-layouts":"default","ast-page-background-enabled":"default","ast-page-background-meta":{"desktop":{"background-color":"var(--ast-global-color-4)","background-image":"","background-repeat":"repeat","background-position":"center center","background-size":"auto","background-attachment":"scroll","background-type":"","background-media":"","overlay-type":"","overlay-color":"","overlay-opacity":"","overlay-gradient":""},"tablet":{"background-color":"","background-image":"","background-repeat":"repeat","background-position":"center center","background-size":"auto","background-attachment":"scroll","background-type":"","background-media":"","overlay-type":"","overlay-color":"","overlay-opacity":"","overlay-gradient":""},"mobile":{"background-color":"","background-image":"","background-repeat":"repeat","background-position":"center center","background-size":"auto","background-attachment":"scroll","background-type":"","background-media":"","overlay-type":"","overlay-color":"","overlay-opacity":"","overlay-gradient":""}},"ast-content-background-meta":{"desktop":{"background-color":"var(--ast-global-color-5)","background-image":"","background-repeat":"repeat","background-position":"center center","background-size":"auto","background-attachment":"scroll","background-type":"","background-media":"","overlay-type":"","overlay-color":"","overlay-opacity":"","overlay-gradient":""},"tablet":{"background-color":"var(--ast-global-color-5)","background-image":"","background-repeat":"repeat","background-position":"center center","background-size":"auto","background-attachment":"scroll","background-type":"","background-media":"","overlay-type":"","overlay-color":"","overlay-opacity":"","overlay-gradient":""},"mobile":{"background-color":"var(--ast-global-color-5)","background-image":"","background-repeat":"repeat","background-position":"center center","background-size":"auto","background-attachment":"scroll","background-type":"","background-media":"","overlay-type":"","overlay-color":"","overlay-opacity":"","overlay-gradient":""}},"footnotes":""},"class_list":["post-3471","page","type-page","status-publish","hentry"],"yoast_head":"<!-- This site is optimized with the Yoast SEO plugin v27.3 - https:\/\/yoast.com\/product\/yoast-seo-wordpress\/ -->\n<title>Imprint - EOS Move Management<\/title>\n<meta name=\"robots\" content=\"index, follow, max-snippet:-1, max-image-preview:large, max-video-preview:-1\" \/>\n<link rel=\"canonical\" href=\"https:\/\/eos-moving.de\/en\/imprint\/\" \/>\n<meta property=\"og:locale\" content=\"en_US\" \/>\n<meta property=\"og:type\" content=\"article\" \/>\n<meta property=\"og:title\" content=\"Imprint - EOS Move Management\" \/>\n<meta property=\"og:description\" content=\"Imprint Angaben gem\u00e4\u00df \u00a7 5 TMG EOS Move Management GmbH &amp; Co. KGHeinrich-Hertz-Str. 6Geb\u00e4ude 4464295 Darmstadt Vertreten durch Herr Joachim Seifert Kontakt Telefon:\u00a0+49 (0) 6151 957 99 &#8211; 26Telefax: +49 (0) 6151 957 99 &#8211; 28E-Mail:\u00a0info@eos-moving.de Registereintrag Eintragung im Handelsregister.Registergericht: Amtsgericht DarmstadtRegisternummer: HRA 84872, HRB 91759 Umsatzsteuer Umsatzsteuer-Identifikationsnummer gem\u00e4\u00df \u00a727 a Umsatzsteuergesetz:DE287157771 Verantwortlich f\u00fcr den [&hellip;]\" \/>\n<meta property=\"og:url\" content=\"https:\/\/eos-moving.de\/en\/imprint\/\" \/>\n<meta property=\"og:site_name\" content=\"EOS Move Management\" \/>\n<meta property=\"article:publisher\" content=\"https:\/\/www.facebook.com\/eos.moving\" \/>\n<meta property=\"article:modified_time\" content=\"2024-01-30T11:57:02+00:00\" \/>\n<meta name=\"twitter:card\" content=\"summary_large_image\" \/>\n<meta name=\"twitter:label1\" content=\"Est. reading time\" \/>\n\t<meta name=\"twitter:data1\" content=\"3 minutes\" \/>\n<script type=\"application\/ld+json\" class=\"yoast-schema-graph\">{\"@context\":\"https:\\\/\\\/schema.org\",\"@graph\":[{\"@type\":\"WebPage\",\"@id\":\"https:\\\/\\\/eos-moving.de\\\/en\\\/imprint\\\/\",\"url\":\"https:\\\/\\\/eos-moving.de\\\/en\\\/imprint\\\/\",\"name\":\"Imprint - EOS Move Management\",\"isPartOf\":{\"@id\":\"https:\\\/\\\/eos-moving.de\\\/en\\\/#website\"},\"datePublished\":\"2023-12-18T17:01:20+00:00\",\"dateModified\":\"2024-01-30T11:57:02+00:00\",\"breadcrumb\":{\"@id\":\"https:\\\/\\\/eos-moving.de\\\/en\\\/imprint\\\/#breadcrumb\"},\"inLanguage\":\"en-US\",\"potentialAction\":[{\"@type\":\"ReadAction\",\"target\":[\"https:\\\/\\\/eos-moving.de\\\/en\\\/imprint\\\/\"]}]},{\"@type\":\"BreadcrumbList\",\"@id\":\"https:\\\/\\\/eos-moving.de\\\/en\\\/imprint\\\/#breadcrumb\",\"itemListElement\":[{\"@type\":\"ListItem\",\"position\":1,\"name\":\"Startseite\",\"item\":\"https:\\\/\\\/eos-moving.de\\\/en\\\/\"},{\"@type\":\"ListItem\",\"position\":2,\"name\":\"Imprint\"}]},{\"@type\":\"WebSite\",\"@id\":\"https:\\\/\\\/eos-moving.de\\\/en\\\/#website\",\"url\":\"https:\\\/\\\/eos-moving.de\\\/en\\\/\",\"name\":\"EOS Move Management\",\"description\":\"\",\"publisher\":{\"@id\":\"https:\\\/\\\/eos-moving.de\\\/en\\\/#organization\"},\"potentialAction\":[{\"@type\":\"SearchAction\",\"target\":{\"@type\":\"EntryPoint\",\"urlTemplate\":\"https:\\\/\\\/eos-moving.de\\\/en\\\/?s={search_term_string}\"},\"query-input\":{\"@type\":\"PropertyValueSpecification\",\"valueRequired\":true,\"valueName\":\"search_term_string\"}}],\"inLanguage\":\"en-US\"},{\"@type\":\"Organization\",\"@id\":\"https:\\\/\\\/eos-moving.de\\\/en\\\/#organization\",\"name\":\"EOS Move Management\",\"url\":\"https:\\\/\\\/eos-moving.de\\\/en\\\/\",\"logo\":{\"@type\":\"ImageObject\",\"inLanguage\":\"en-US\",\"@id\":\"https:\\\/\\\/eos-moving.de\\\/en\\\/#\\\/schema\\\/logo\\\/image\\\/\",\"url\":\"https:\\\/\\\/eos-moving.de\\\/wp-content\\\/uploads\\\/2023\\\/04\\\/logo-eos-moving-1.png\",\"contentUrl\":\"https:\\\/\\\/eos-moving.de\\\/wp-content\\\/uploads\\\/2023\\\/04\\\/logo-eos-moving-1.png\",\"width\":310,\"height\":73,\"caption\":\"EOS Move Management\"},\"image\":{\"@id\":\"https:\\\/\\\/eos-moving.de\\\/en\\\/#\\\/schema\\\/logo\\\/image\\\/\"},\"sameAs\":[\"https:\\\/\\\/www.facebook.com\\\/eos.moving\",\"https:\\\/\\\/www.linkedin.com\\\/company\\\/eos-move-management\\\/\"]}]}<\/script>\n<!-- \/ Yoast SEO plugin. -->","yoast_head_json":{"title":"Imprint - EOS Move Management","robots":{"index":"index","follow":"follow","max-snippet":"max-snippet:-1","max-image-preview":"max-image-preview:large","max-video-preview":"max-video-preview:-1"},"canonical":"https:\/\/eos-moving.de\/en\/imprint\/","og_locale":"en_US","og_type":"article","og_title":"Imprint - EOS Move Management","og_description":"Imprint Angaben gem\u00e4\u00df \u00a7 5 TMG EOS Move Management GmbH &amp; Co. KGHeinrich-Hertz-Str. 6Geb\u00e4ude 4464295 Darmstadt Vertreten durch Herr Joachim Seifert Kontakt Telefon:\u00a0+49 (0) 6151 957 99 &#8211; 26Telefax: +49 (0) 6151 957 99 &#8211; 28E-Mail:\u00a0info@eos-moving.de Registereintrag Eintragung im Handelsregister.Registergericht: Amtsgericht DarmstadtRegisternummer: HRA 84872, HRB 91759 Umsatzsteuer Umsatzsteuer-Identifikationsnummer gem\u00e4\u00df \u00a727 a Umsatzsteuergesetz:DE287157771 Verantwortlich f\u00fcr den [&hellip;]","og_url":"https:\/\/eos-moving.de\/en\/imprint\/","og_site_name":"EOS Move Management","article_publisher":"https:\/\/www.facebook.com\/eos.moving","article_modified_time":"2024-01-30T11:57:02+00:00","twitter_card":"summary_large_image","twitter_misc":{"Est. reading time":"3 minutes"},"schema":{"@context":"https:\/\/schema.org","@graph":[{"@type":"WebPage","@id":"https:\/\/eos-moving.de\/en\/imprint\/","url":"https:\/\/eos-moving.de\/en\/imprint\/","name":"Imprint - EOS Move Management","isPartOf":{"@id":"https:\/\/eos-moving.de\/en\/#website"},"datePublished":"2023-12-18T17:01:20+00:00","dateModified":"2024-01-30T11:57:02+00:00","breadcrumb":{"@id":"https:\/\/eos-moving.de\/en\/imprint\/#breadcrumb"},"inLanguage":"en-US","potentialAction":[{"@type":"ReadAction","target":["https:\/\/eos-moving.de\/en\/imprint\/"]}]},{"@type":"BreadcrumbList","@id":"https:\/\/eos-moving.de\/en\/imprint\/#breadcrumb","itemListElement":[{"@type":"ListItem","position":1,"name":"Startseite","item":"https:\/\/eos-moving.de\/en\/"},{"@type":"ListItem","position":2,"name":"Imprint"}]},{"@type":"WebSite","@id":"https:\/\/eos-moving.de\/en\/#website","url":"https:\/\/eos-moving.de\/en\/","name":"EOS Move Management","description":"","publisher":{"@id":"https:\/\/eos-moving.de\/en\/#organization"},"potentialAction":[{"@type":"SearchAction","target":{"@type":"EntryPoint","urlTemplate":"https:\/\/eos-moving.de\/en\/?s={search_term_string}"},"query-input":{"@type":"PropertyValueSpecification","valueRequired":true,"valueName":"search_term_string"}}],"inLanguage":"en-US"},{"@type":"Organization","@id":"https:\/\/eos-moving.de\/en\/#organization","name":"EOS Move Management","url":"https:\/\/eos-moving.de\/en\/","logo":{"@type":"ImageObject","inLanguage":"en-US","@id":"https:\/\/eos-moving.de\/en\/#\/schema\/logo\/image\/","url":"https:\/\/eos-moving.de\/wp-content\/uploads\/2023\/04\/logo-eos-moving-1.png","contentUrl":"https:\/\/eos-moving.de\/wp-content\/uploads\/2023\/04\/logo-eos-moving-1.png","width":310,"height":73,"caption":"EOS Move Management"},"image":{"@id":"https:\/\/eos-moving.de\/en\/#\/schema\/logo\/image\/"},"sameAs":["https:\/\/www.facebook.com\/eos.moving","https:\/\/www.linkedin.com\/company\/eos-move-management\/"]}]}},"_links":{"self":[{"href":"https:\/\/eos-moving.de\/en\/wp-json\/wp\/v2\/pages\/3471","targetHints":{"allow":["GET"]}}],"collection":[{"href":"https:\/\/eos-moving.de\/en\/wp-json\/wp\/v2\/pages"}],"about":[{"href":"https:\/\/eos-moving.de\/en\/wp-json\/wp\/v2\/types\/page"}],"author":[{"embeddable":true,"href":"https:\/\/eos-moving.de\/en\/wp-json\/wp\/v2\/users\/3"}],"replies":[{"embeddable":true,"href":"https:\/\/eos-moving.de\/en\/wp-json\/wp\/v2\/comments?post=3471"}],"version-history":[{"count":5,"href":"https:\/\/eos-moving.de\/en\/wp-json\/wp\/v2\/pages\/3471\/revisions"}],"predecessor-version":[{"id":3600,"href":"https:\/\/eos-moving.de\/en\/wp-json\/wp\/v2\/pages\/3471\/revisions\/3600"}],"wp:attachment":[{"href":"https:\/\/eos-moving.de\/en\/wp-json\/wp\/v2\/media?parent=3471"}],"curies":[{"name":"wp","href":"https:\/\/api.w.org\/{rel}","templated":true}]}}